{"id":1335,"date":"2022-03-14T12:11:35","date_gmt":"2022-03-14T12:11:35","guid":{"rendered":"https:\/\/matyasjanos.jamandra.com\/?post_type=product&#038;p=1335"},"modified":"2022-03-15T10:17:18","modified_gmt":"2022-03-15T10:17:18","slug":"vaszontaska-pecsihlette-1","status":"publish","type":"product","link":"https:\/\/matyasjanos.jamandra.com\/?product=vaszontaska-pecsihlette-1","title":{"rendered":"V\u00e1szont\u00e1ska &#8211; p\u00e9csihlette 1#"},"content":{"rendered":"<p>teszt term\u00e9k hajr\u00e1<\/p>\n","protected":false},"excerpt":{"rendered":"<p>itt mi jelenhet meg????????????????????????????????<\/p>\n","protected":false},"featured_media":1193,"comment_status":"open","ping_status":"closed","template":"","meta":{"_et_pb_use_builder":"","_et_pb_old_content":"","_et_gb_content_width":""},"product_brand":[],"product_cat":[27,24],"product_tag":[],"class_list":{"0":"post-1335","1":"product","2":"type-product","3":"status-publish","4":"has-post-thumbnail","6":"product_cat-pecs-ihlette-design","7":"product_cat-vaszon-taskak","9":"first","10":"instock","11":"shipping-taxable","12":"product-type-variable"},"_links":{"self":[{"href":"https:\/\/matyasjanos.jamandra.com\/index.php?rest_route=\/wp\/v2\/product\/1335","targetHints":{"allow":["GET"]}}],"collection":[{"href":"https:\/\/matyasjanos.jamandra.com\/index.php?rest_route=\/wp\/v2\/product"}],"about":[{"href":"https:\/\/matyasjanos.jamandra.com\/index.php?rest_route=\/wp\/v2\/types\/product"}],"replies":[{"embeddable":true,"href":"https:\/\/matyasjanos.jamandra.com\/index.php?rest_route=%2Fwp%2Fv2%2Fcomments&post=1335"}],"wp:featuredmedia":[{"embeddable":true,"href":"https:\/\/matyasjanos.jamandra.com\/index.php?rest_route=\/wp\/v2\/media\/1193"}],"wp:attachment":[{"href":"https:\/\/matyasjanos.jamandra.com\/index.php?rest_route=%2Fwp%2Fv2%2Fmedia&parent=1335"}],"wp:term":[{"taxonomy":"product_brand","embeddable":true,"href":"https:\/\/matyasjanos.jamandra.com\/index.php?rest_route=%2Fwp%2Fv2%2Fproduct_brand&post=1335"},{"taxonomy":"product_cat","embeddable":true,"href":"https:\/\/matyasjanos.jamandra.com\/index.php?rest_route=%2Fwp%2Fv2%2Fproduct_cat&post=1335"},{"taxonomy":"product_tag","embeddable":true,"href":"https:\/\/matyasjanos.jamandra.com\/index.php?rest_route=%2Fwp%2Fv2%2Fproduct_tag&post=1335"}],"curies":[{"name":"wp","href":"https:\/\/api.w.org\/{rel}","templated":true}]}}