{"id":1206,"date":"2022-02-10T11:27:06","date_gmt":"2022-02-10T11:27:06","guid":{"rendered":"https:\/\/matyasjanos.jamandra.com\/?post_type=product&#038;p=1206"},"modified":"2022-02-10T11:33:59","modified_gmt":"2022-02-10T11:33:59","slug":"karkoto-3","status":"publish","type":"product","link":"https:\/\/matyasjanos.jamandra.com\/?product=karkoto-3","title":{"rendered":"Kark\u00f6t\u0151 3#"},"content":{"rendered":"<p>L\u00f3rum ipse mint hivis \u00e9s sz\u00f3nia, mint hebes csap\u00f3 nagyon t\u00e9les. A 21 becses jegyez\u0151 ad\u00e1g L\u00f3rum ipse mint hivis \u00e9s sz\u00f3nia, mint hebes csap\u00f3 nagyon t\u00e9les. A 21 becses jegyez\u0151 ad\u00e1gL\u00f3rum ipse mint hivis \u00e9s sz\u00f3nia, mint hebes csap\u00f3 nagyon t\u00e9les. A 21 becses jegyez\u0151 ad\u00e1g<\/p>\n","protected":false},"excerpt":{"rendered":"<p>L\u00f3rum ipse mint hivis \u00e9s sz\u00f3nia, mint hebes csap\u00f3 nagyon t\u00e9les. A 21 becses jegyez\u0151 ad\u00e1g<\/p>\n","protected":false},"featured_media":1183,"comment_status":"open","ping_status":"closed","template":"","meta":{"_et_pb_use_builder":"on","_et_pb_old_content":"L\u00f3rum ipse mint hivis \u00e9s sz\u00f3nia, mint hebes csap\u00f3 nagyon t\u00e9les. A 21 becses jegyez\u0151 ad\u00e1g L\u00f3rum ipse mint hivis \u00e9s sz\u00f3nia, mint hebes csap\u00f3 nagyon t\u00e9les. A 21 becses jegyez\u0151 ad\u00e1gL\u00f3rum ipse mint hivis \u00e9s sz\u00f3nia, mint hebes csap\u00f3 nagyon t\u00e9les. A 21 becses jegyez\u0151 ad\u00e1g","_et_gb_content_width":""},"product_brand":[],"product_cat":[26],"product_tag":[],"class_list":{"0":"post-1206","1":"product","2":"type-product","3":"status-publish","4":"has-post-thumbnail","6":"product_cat-karkotok","8":"first","9":"instock","10":"shipping-taxable","11":"purchasable","12":"product-type-simple"},"_links":{"self":[{"href":"https:\/\/matyasjanos.jamandra.com\/index.php?rest_route=\/wp\/v2\/product\/1206","targetHints":{"allow":["GET"]}}],"collection":[{"href":"https:\/\/matyasjanos.jamandra.com\/index.php?rest_route=\/wp\/v2\/product"}],"about":[{"href":"https:\/\/matyasjanos.jamandra.com\/index.php?rest_route=\/wp\/v2\/types\/product"}],"replies":[{"embeddable":true,"href":"https:\/\/matyasjanos.jamandra.com\/index.php?rest_route=%2Fwp%2Fv2%2Fcomments&post=1206"}],"wp:featuredmedia":[{"embeddable":true,"href":"https:\/\/matyasjanos.jamandra.com\/index.php?rest_route=\/wp\/v2\/media\/1183"}],"wp:attachment":[{"href":"https:\/\/matyasjanos.jamandra.com\/index.php?rest_route=%2Fwp%2Fv2%2Fmedia&parent=1206"}],"wp:term":[{"taxonomy":"product_brand","embeddable":true,"href":"https:\/\/matyasjanos.jamandra.com\/index.php?rest_route=%2Fwp%2Fv2%2Fproduct_brand&post=1206"},{"taxonomy":"product_cat","embeddable":true,"href":"https:\/\/matyasjanos.jamandra.com\/index.php?rest_route=%2Fwp%2Fv2%2Fproduct_cat&post=1206"},{"taxonomy":"product_tag","embeddable":true,"href":"https:\/\/matyasjanos.jamandra.com\/index.php?rest_route=%2Fwp%2Fv2%2Fproduct_tag&post=1206"}],"curies":[{"name":"wp","href":"https:\/\/api.w.org\/{rel}","templated":true}]}}